{"id":77291,"date":"2024-08-18T10:50:19","date_gmt":"2024-08-18T08:50:19","guid":{"rendered":"https:\/\/karu-kera.com\/?page_id=77291"},"modified":"2024-08-19T15:28:48","modified_gmt":"2024-08-19T13:28:48","slug":"julie","status":"publish","type":"page","link":"https:\/\/karu-kera.com\/index.php\/julie\/","title":{"rendered":"Julie"},"content":{"rendered":"\t\t<div data-elementor-type=\"wp-page\" data-elementor-id=\"77291\" class=\"elementor elementor-77291\" data-elementor-post-type=\"page\">\n\t\t\t\t\t\t<section class=\"elementor-section elementor-top-section elementor-element elementor-element-73583ee elementor-section-boxed elementor-section-height-default elementor-section-height-default\" data-id=\"73583ee\" data-element_type=\"section\" data-e-type=\"section\">\n\t\t\t\t\t\t<div class=\"elementor-container elementor-column-gap-default\">\n\t\t\t\t\t<div class=\" elementor-column elementor-col-100 elementor-top-column elementor-element elementor-element-94277ee\" data-fullscreen-column-settings=\"{&quot;fullscreen&quot;:&quot;&quot;}\" data-id=\"94277ee\" data-element_type=\"column\" data-e-type=\"column\">\n\t\t\t<div class=\"elementor-widget-wrap elementor-element-populated\">\n\t\t\t\t\t\t<div class=\"elementor-element elementor-element-4edb6c3 elementor-widget elementor-widget-spacer\" data-id=\"4edb6c3\" data-element_type=\"widget\" data-e-type=\"widget\" data-widget_type=\"spacer.default\">\n\t\t\t\t<div class=\"elementor-widget-container\">\n\t\t\t\t\t\t\t<div class=\"elementor-spacer\">\n\t\t\t<div class=\"elementor-spacer-inner\"><\/div>\n\t\t<\/div>\n\t\t\t\t\t\t<\/div>\n\t\t\t\t<\/div>\n\t\t\t\t\t<\/div>\n\t\t<\/div>\n\t\t\t\t\t<\/div>\n\t\t<\/section>\n\t\t\t\t<section class=\"elementor-section elementor-top-section elementor-element elementor-element-c607e46 elementor-section-boxed elementor-section-height-default elementor-section-height-default\" data-id=\"c607e46\" data-element_type=\"section\" data-e-type=\"section\" data-settings=\"{&quot;background_background&quot;:&quot;classic&quot;}\">\n\t\t\t\t\t\t<div class=\"elementor-container elementor-column-gap-default\">\n\t\t\t\t\t<div class=\" elementor-column elementor-col-100 elementor-top-column elementor-element elementor-element-745c7d3\" data-fullscreen-column-settings=\"{&quot;fullscreen&quot;:&quot;&quot;}\" data-id=\"745c7d3\" data-element_type=\"column\" data-e-type=\"column\">\n\t\t\t<div class=\"elementor-widget-wrap\">\n\t\t\t\t\t\t\t<\/div>\n\t\t<\/div>\n\t\t\t\t\t<\/div>\n\t\t<\/section>\n\t\t\t\t<section class=\"elementor-section elementor-top-section elementor-element elementor-element-42963d6 elementor-section-boxed elementor-section-height-default elementor-section-height-default\" data-id=\"42963d6\" data-element_type=\"section\" data-e-type=\"section\" data-settings=\"{&quot;background_background&quot;:&quot;classic&quot;}\">\n\t\t\t\t\t\t<div class=\"elementor-container elementor-column-gap-default\">\n\t\t\t\t\t<div class=\" elementor-column elementor-col-100 elementor-top-column elementor-element elementor-element-ec00ecc\" data-fullscreen-column-settings=\"{&quot;fullscreen&quot;:&quot;&quot;}\" data-id=\"ec00ecc\" data-element_type=\"column\" data-e-type=\"column\">\n\t\t\t<div class=\"elementor-widget-wrap elementor-element-populated\">\n\t\t\t\t\t\t<div class=\"elementor-element elementor-element-746be03 elementor-widget elementor-widget-heading\" data-id=\"746be03\" data-element_type=\"widget\" data-e-type=\"widget\" data-widget_type=\"heading.default\">\n\t\t\t\t<div class=\"elementor-widget-container\">\n\t\t\t\t\t<h2 class=\"elementor-heading-title elementor-size-default\">Julie<\/h2>\t\t\t\t<\/div>\n\t\t\t\t<\/div>\n\t\t\t\t<div class=\"elementor-element elementor-element-827b1a8 elementor-widget elementor-widget-text-editor\" data-id=\"827b1a8\" data-element_type=\"widget\" data-e-type=\"widget\" data-widget_type=\"text-editor.default\">\n\t\t\t\t<div class=\"elementor-widget-container\">\n\t\t\t\t\t\t\t\t\t<p>Styliste \/ Esth\u00e9ticienne<\/p>\t\t\t\t\t\t\t\t<\/div>\n\t\t\t\t<\/div>\n\t\t\t\t\t<\/div>\n\t\t<\/div>\n\t\t\t\t\t<\/div>\n\t\t<\/section>\n\t\t\t\t<section class=\"elementor-section elementor-top-section elementor-element elementor-element-689ae75 elementor-section-height-min-height elementor-section-boxed elementor-section-height-default elementor-section-items-middle\" data-id=\"689ae75\" data-element_type=\"section\" data-e-type=\"section\" data-settings=\"{&quot;background_background&quot;:&quot;classic&quot;}\">\n\t\t\t\t\t\t<div class=\"elementor-container elementor-column-gap-no\">\n\t\t\t\t\t<div class=\" elementor-column elementor-col-50 elementor-top-column elementor-element elementor-element-3b8913f\" data-fullscreen-column-settings=\"{&quot;fullscreen&quot;:&quot;&quot;}\" data-id=\"3b8913f\" data-element_type=\"column\" data-e-type=\"column\">\n\t\t\t<div class=\"elementor-widget-wrap elementor-element-populated\">\n\t\t\t\t\t\t<div class=\"elementor-element elementor-element-3f51dcd elementor-widget__width-initial elementor-widget-mobile__width-initial elementor-widget elementor-widget-image\" data-id=\"3f51dcd\" data-element_type=\"widget\" data-e-type=\"widget\" data-widget_type=\"image.default\">\n\t\t\t\t<div class=\"elementor-widget-container\">\n\t\t\t\t\t\t\t\t\t\t\t\t\t\t\t<img fetchpriority=\"high\" decoding=\"async\" width=\"214\" height=\"300\" src=\"https:\/\/karu-kera.com\/wp-content\/uploads\/2024\/08\/Julie-214x300.jpg\" class=\"attachment-medium size-medium wp-image-77316\" alt=\"\" srcset=\"https:\/\/karu-kera.com\/wp-content\/uploads\/2024\/08\/Julie-214x300.jpg 214w, https:\/\/karu-kera.com\/wp-content\/uploads\/2024\/08\/Julie-730x1024.jpg 730w, https:\/\/karu-kera.com\/wp-content\/uploads\/2024\/08\/Julie-768x1078.jpg 768w, https:\/\/karu-kera.com\/wp-content\/uploads\/2024\/08\/Julie-1095x1536.jpg 1095w, https:\/\/karu-kera.com\/wp-content\/uploads\/2024\/08\/Julie-1459x2048.jpg 1459w, https:\/\/karu-kera.com\/wp-content\/uploads\/2024\/08\/Julie-200x281.jpg 200w, https:\/\/karu-kera.com\/wp-content\/uploads\/2024\/08\/Julie-1568x2200.jpg 1568w, https:\/\/karu-kera.com\/wp-content\/uploads\/2024\/08\/Julie-scaled.jpg 1824w\" sizes=\"(max-width: 214px) 100vw, 214px\" \/>\t\t\t\t\t\t\t\t\t\t\t\t\t\t\t<\/div>\n\t\t\t\t<\/div>\n\t\t\t\t\t<\/div>\n\t\t<\/div>\n\t\t\t\t<div class=\" elementor-column elementor-col-50 elementor-top-column elementor-element elementor-element-a8b4e7e\" data-fullscreen-column-settings=\"{&quot;fullscreen&quot;:&quot;&quot;}\" data-id=\"a8b4e7e\" data-element_type=\"column\" data-e-type=\"column\">\n\t\t\t<div class=\"elementor-widget-wrap elementor-element-populated\">\n\t\t\t\t\t\t<div class=\"elementor-element elementor-element-f1e3da4 elementor-widget__width-initial elementor-widget-tablet__width-initial elementor-widget elementor-widget-text-editor\" data-id=\"f1e3da4\" data-element_type=\"widget\" data-e-type=\"widget\" data-widget_type=\"text-editor.default\">\n\t\t\t\t<div class=\"elementor-widget-container\">\n\t\t\t\t\t\t\t\t\t<p>Esth\u00e9ticienne passionn\u00e9e, dans le secteur de la beaut\u00e9 depuis plus de 12 ans.<br \/>Des dizaines de semaines de stages, en parfumerie, en salon et des ann\u00e9es en institut de beaut\u00e9.<br \/>Aujourd&rsquo;hui riche d&rsquo;exp\u00e9rience, je souhaite vous faire part de mon savoir-faire et de mes conseils\u00a0 professionnels.<br \/>Soucieuse de votre bien-\u00eatre, je mettrais tout mon professionnalisme \u00e0 votre service.<br \/>Je suis ravie de vous recevoir dans mon salon KARUKERA.<\/p>\t\t\t\t\t\t\t\t<\/div>\n\t\t\t\t<\/div>\n\t\t\t\t\t<\/div>\n\t\t<\/div>\n\t\t\t\t\t<\/div>\n\t\t<\/section>\n\t\t\t\t<section class=\"elementor-section elementor-top-section elementor-element elementor-element-eb07311 elementor-section-boxed elementor-section-height-default elementor-section-height-default\" data-id=\"eb07311\" data-element_type=\"section\" data-e-type=\"section\" data-settings=\"{&quot;background_background&quot;:&quot;classic&quot;}\">\n\t\t\t\t\t\t<div class=\"elementor-container elementor-column-gap-default\">\n\t\t\t\t\t<div class=\" elementor-column elementor-col-100 elementor-top-column elementor-element elementor-element-13f8f11\" data-fullscreen-column-settings=\"{&quot;fullscreen&quot;:&quot;&quot;}\" data-id=\"13f8f11\" data-element_type=\"column\" data-e-type=\"column\">\n\t\t\t<div class=\"elementor-widget-wrap elementor-element-populated\">\n\t\t\t\t\t\t<div class=\"elementor-element elementor-element-7f90545 elementor-widget elementor-widget-image\" data-id=\"7f90545\" data-element_type=\"widget\" data-e-type=\"widget\" data-widget_type=\"image.default\">\n\t\t\t\t<div class=\"elementor-widget-container\">\n\t\t\t\t\t\t\t\t\t\t\t\t\t\t\t<img decoding=\"async\" width=\"300\" height=\"77\" src=\"https:\/\/karu-kera.com\/wp-content\/uploads\/2024\/08\/3-rosaces-300x77.png\" class=\"attachment-medium size-medium wp-image-77332\" alt=\"\" srcset=\"https:\/\/karu-kera.com\/wp-content\/uploads\/2024\/08\/3-rosaces-300x77.png 300w, https:\/\/karu-kera.com\/wp-content\/uploads\/2024\/08\/3-rosaces-200x51.png 200w, https:\/\/karu-kera.com\/wp-content\/uploads\/2024\/08\/3-rosaces.png 666w\" sizes=\"(max-width: 300px) 100vw, 300px\" \/>\t\t\t\t\t\t\t\t\t\t\t\t\t\t\t<\/div>\n\t\t\t\t<\/div>\n\t\t\t\t<div class=\"elementor-element elementor-element-30830dd elementor-widget elementor-widget-spacer\" data-id=\"30830dd\" data-element_type=\"widget\" data-e-type=\"widget\" data-widget_type=\"spacer.default\">\n\t\t\t\t<div class=\"elementor-widget-container\">\n\t\t\t\t\t\t\t<div class=\"elementor-spacer\">\n\t\t\t<div class=\"elementor-spacer-inner\"><\/div>\n\t\t<\/div>\n\t\t\t\t\t\t<\/div>\n\t\t\t\t<\/div>\n\t\t\t\t\t<\/div>\n\t\t<\/div>\n\t\t\t\t\t<\/div>\n\t\t<\/section>\n\t\t\t\t<section class=\"elementor-section elementor-top-section elementor-element elementor-element-a62699a elementor-section-boxed elementor-section-height-default elementor-section-height-default\" data-id=\"a62699a\" data-element_type=\"section\" data-e-type=\"section\">\n\t\t\t\t\t\t<div class=\"elementor-container elementor-column-gap-default\">\n\t\t\t\t\t<div class=\" elementor-column elementor-col-100 elementor-top-column elementor-element elementor-element-5bafba7\" data-fullscreen-column-settings=\"{&quot;fullscreen&quot;:&quot;&quot;}\" data-id=\"5bafba7\" data-element_type=\"column\" data-e-type=\"column\">\n\t\t\t<div class=\"elementor-widget-wrap\">\n\t\t\t\t\t\t\t<\/div>\n\t\t<\/div>\n\t\t\t\t\t<\/div>\n\t\t<\/section>\n\t\t\t\t<\/div>\n\t\t","protected":false},"excerpt":{"rendered":"<p>Julie Styliste \/ Esth\u00e9ticienne Esth\u00e9ticienne passionn\u00e9e, dans le secteur de la beaut\u00e9 depuis plus de 12 ans.Des dizaines de semaines de stages, en parfumerie, en salon et des ann\u00e9es en institut de beaut\u00e9.Aujourd&rsquo;hui riche d&rsquo;exp\u00e9rience, je souhaite vous faire part de mon savoir-faire et de mes conseils\u00a0 professionnels.Soucieuse de votre bien-\u00eatre, je mettrais tout mon [&hellip;]<\/p>\n","protected":false},"author":1,"featured_media":0,"parent":0,"menu_order":239,"comment_status":"closed","ping_status":"closed","template":"","meta":{"footnotes":""},"class_list":["post-77291","page","type-page","status-publish","hentry"],"yoast_head":"<!-- This site is optimized with the Yoast SEO plugin v27.5 - https:\/\/yoast.com\/product\/yoast-seo-wordpress\/ -->\n<title>Julie - Karukera<\/title>\n<meta name=\"robots\" content=\"index, follow, max-snippet:-1, max-image-preview:large, max-video-preview:-1\" \/>\n<link rel=\"canonical\" href=\"https:\/\/karu-kera.com\/index.php\/julie\/\" \/>\n<meta property=\"og:locale\" content=\"fr_FR\" \/>\n<meta property=\"og:type\" content=\"article\" \/>\n<meta property=\"og:title\" content=\"Julie - Karukera\" \/>\n<meta property=\"og:description\" content=\"Julie Styliste \/ Esth\u00e9ticienne Esth\u00e9ticienne passionn\u00e9e, dans le secteur de la beaut\u00e9 depuis plus de 12 ans.Des dizaines de semaines de stages, en parfumerie, en salon et des ann\u00e9es en institut de beaut\u00e9.Aujourd&rsquo;hui riche d&rsquo;exp\u00e9rience, je souhaite vous faire part de mon savoir-faire et de mes conseils\u00a0 professionnels.Soucieuse de votre bien-\u00eatre, je mettrais tout mon [&hellip;]\" \/>\n<meta property=\"og:url\" content=\"https:\/\/karu-kera.com\/index.php\/julie\/\" \/>\n<meta property=\"og:site_name\" content=\"Karukera\" \/>\n<meta property=\"article:modified_time\" content=\"2024-08-19T13:28:48+00:00\" \/>\n<meta property=\"og:image\" content=\"https:\/\/karu-kera.com\/wp-content\/uploads\/2024\/08\/Julie-214x300.jpg\" \/>\n<meta name=\"twitter:card\" content=\"summary_large_image\" \/>\n<meta name=\"twitter:label1\" content=\"Dur\u00e9e de lecture estim\u00e9e\" \/>\n\t<meta name=\"twitter:data1\" content=\"1 minute\" \/>\n<script type=\"application\/ld+json\" class=\"yoast-schema-graph\">{\"@context\":\"https:\\\/\\\/schema.org\",\"@graph\":[{\"@type\":\"WebPage\",\"@id\":\"https:\\\/\\\/karu-kera.com\\\/index.php\\\/julie\\\/\",\"url\":\"https:\\\/\\\/karu-kera.com\\\/index.php\\\/julie\\\/\",\"name\":\"Julie - Karukera\",\"isPartOf\":{\"@id\":\"https:\\\/\\\/karu-kera.com\\\/#website\"},\"primaryImageOfPage\":{\"@id\":\"https:\\\/\\\/karu-kera.com\\\/index.php\\\/julie\\\/#primaryimage\"},\"image\":{\"@id\":\"https:\\\/\\\/karu-kera.com\\\/index.php\\\/julie\\\/#primaryimage\"},\"thumbnailUrl\":\"https:\\\/\\\/karu-kera.com\\\/wp-content\\\/uploads\\\/2024\\\/08\\\/Julie-214x300.jpg\",\"datePublished\":\"2024-08-18T08:50:19+00:00\",\"dateModified\":\"2024-08-19T13:28:48+00:00\",\"breadcrumb\":{\"@id\":\"https:\\\/\\\/karu-kera.com\\\/index.php\\\/julie\\\/#breadcrumb\"},\"inLanguage\":\"fr-FR\",\"potentialAction\":[{\"@type\":\"ReadAction\",\"target\":[\"https:\\\/\\\/karu-kera.com\\\/index.php\\\/julie\\\/\"]}]},{\"@type\":\"ImageObject\",\"inLanguage\":\"fr-FR\",\"@id\":\"https:\\\/\\\/karu-kera.com\\\/index.php\\\/julie\\\/#primaryimage\",\"url\":\"https:\\\/\\\/karu-kera.com\\\/wp-content\\\/uploads\\\/2024\\\/08\\\/Julie-scaled.jpg\",\"contentUrl\":\"https:\\\/\\\/karu-kera.com\\\/wp-content\\\/uploads\\\/2024\\\/08\\\/Julie-scaled.jpg\",\"width\":1824,\"height\":2560},{\"@type\":\"BreadcrumbList\",\"@id\":\"https:\\\/\\\/karu-kera.com\\\/index.php\\\/julie\\\/#breadcrumb\",\"itemListElement\":[{\"@type\":\"ListItem\",\"position\":1,\"name\":\"Accueil\",\"item\":\"https:\\\/\\\/karu-kera.com\\\/\"},{\"@type\":\"ListItem\",\"position\":2,\"name\":\"Julie\"}]},{\"@type\":\"WebSite\",\"@id\":\"https:\\\/\\\/karu-kera.com\\\/#website\",\"url\":\"https:\\\/\\\/karu-kera.com\\\/\",\"name\":\"Karukera\",\"description\":\"Beaut\u00e9 et bien-\u00eatre\",\"potentialAction\":[{\"@type\":\"SearchAction\",\"target\":{\"@type\":\"EntryPoint\",\"urlTemplate\":\"https:\\\/\\\/karu-kera.com\\\/?s={search_term_string}\"},\"query-input\":{\"@type\":\"PropertyValueSpecification\",\"valueRequired\":true,\"valueName\":\"search_term_string\"}}],\"inLanguage\":\"fr-FR\"}]}<\/script>\n<!-- \/ Yoast SEO plugin. -->","yoast_head_json":{"title":"Julie - Karukera","robots":{"index":"index","follow":"follow","max-snippet":"max-snippet:-1","max-image-preview":"max-image-preview:large","max-video-preview":"max-video-preview:-1"},"canonical":"https:\/\/karu-kera.com\/index.php\/julie\/","og_locale":"fr_FR","og_type":"article","og_title":"Julie - Karukera","og_description":"Julie Styliste \/ Esth\u00e9ticienne Esth\u00e9ticienne passionn\u00e9e, dans le secteur de la beaut\u00e9 depuis plus de 12 ans.Des dizaines de semaines de stages, en parfumerie, en salon et des ann\u00e9es en institut de beaut\u00e9.Aujourd&rsquo;hui riche d&rsquo;exp\u00e9rience, je souhaite vous faire part de mon savoir-faire et de mes conseils\u00a0 professionnels.Soucieuse de votre bien-\u00eatre, je mettrais tout mon [&hellip;]","og_url":"https:\/\/karu-kera.com\/index.php\/julie\/","og_site_name":"Karukera","article_modified_time":"2024-08-19T13:28:48+00:00","og_image":[{"url":"https:\/\/karu-kera.com\/wp-content\/uploads\/2024\/08\/Julie-214x300.jpg","type":"","width":"","height":""}],"twitter_card":"summary_large_image","twitter_misc":{"Dur\u00e9e de lecture estim\u00e9e":"1 minute"},"schema":{"@context":"https:\/\/schema.org","@graph":[{"@type":"WebPage","@id":"https:\/\/karu-kera.com\/index.php\/julie\/","url":"https:\/\/karu-kera.com\/index.php\/julie\/","name":"Julie - Karukera","isPartOf":{"@id":"https:\/\/karu-kera.com\/#website"},"primaryImageOfPage":{"@id":"https:\/\/karu-kera.com\/index.php\/julie\/#primaryimage"},"image":{"@id":"https:\/\/karu-kera.com\/index.php\/julie\/#primaryimage"},"thumbnailUrl":"https:\/\/karu-kera.com\/wp-content\/uploads\/2024\/08\/Julie-214x300.jpg","datePublished":"2024-08-18T08:50:19+00:00","dateModified":"2024-08-19T13:28:48+00:00","breadcrumb":{"@id":"https:\/\/karu-kera.com\/index.php\/julie\/#breadcrumb"},"inLanguage":"fr-FR","potentialAction":[{"@type":"ReadAction","target":["https:\/\/karu-kera.com\/index.php\/julie\/"]}]},{"@type":"ImageObject","inLanguage":"fr-FR","@id":"https:\/\/karu-kera.com\/index.php\/julie\/#primaryimage","url":"https:\/\/karu-kera.com\/wp-content\/uploads\/2024\/08\/Julie-scaled.jpg","contentUrl":"https:\/\/karu-kera.com\/wp-content\/uploads\/2024\/08\/Julie-scaled.jpg","width":1824,"height":2560},{"@type":"BreadcrumbList","@id":"https:\/\/karu-kera.com\/index.php\/julie\/#breadcrumb","itemListElement":[{"@type":"ListItem","position":1,"name":"Accueil","item":"https:\/\/karu-kera.com\/"},{"@type":"ListItem","position":2,"name":"Julie"}]},{"@type":"WebSite","@id":"https:\/\/karu-kera.com\/#website","url":"https:\/\/karu-kera.com\/","name":"Karukera","description":"Beaut\u00e9 et bien-\u00eatre","potentialAction":[{"@type":"SearchAction","target":{"@type":"EntryPoint","urlTemplate":"https:\/\/karu-kera.com\/?s={search_term_string}"},"query-input":{"@type":"PropertyValueSpecification","valueRequired":true,"valueName":"search_term_string"}}],"inLanguage":"fr-FR"}]}},"_links":{"self":[{"href":"https:\/\/karu-kera.com\/index.php\/wp-json\/wp\/v2\/pages\/77291","targetHints":{"allow":["GET"]}}],"collection":[{"href":"https:\/\/karu-kera.com\/index.php\/wp-json\/wp\/v2\/pages"}],"about":[{"href":"https:\/\/karu-kera.com\/index.php\/wp-json\/wp\/v2\/types\/page"}],"author":[{"embeddable":true,"href":"https:\/\/karu-kera.com\/index.php\/wp-json\/wp\/v2\/users\/1"}],"replies":[{"embeddable":true,"href":"https:\/\/karu-kera.com\/index.php\/wp-json\/wp\/v2\/comments?post=77291"}],"version-history":[{"count":46,"href":"https:\/\/karu-kera.com\/index.php\/wp-json\/wp\/v2\/pages\/77291\/revisions"}],"predecessor-version":[{"id":77657,"href":"https:\/\/karu-kera.com\/index.php\/wp-json\/wp\/v2\/pages\/77291\/revisions\/77657"}],"wp:attachment":[{"href":"https:\/\/karu-kera.com\/index.php\/wp-json\/wp\/v2\/media?parent=77291"}],"curies":[{"name":"wp","href":"https:\/\/api.w.org\/{rel}","templated":true}]}}